{"id":165,"date":"2025-10-21T17:05:15","date_gmt":"2025-10-21T14:05:15","guid":{"rendered":"https:\/\/siteurirapid.ro\/?page_id=165"},"modified":"2025-10-21T17:06:21","modified_gmt":"2025-10-21T14:06:21","slug":"cum-lucram","status":"publish","type":"page","link":"https:\/\/siteurirapid.ro\/index.php\/cum-lucram\/","title":{"rendered":"Cum lucr\u0103m"},"content":{"rendered":"<p data-start=\"1713\" data-end=\"1863\">1\ufe0f\u20e3 Ne trimi\u021bi detaliile (ce tip de site vrei).<br data-start=\"1760\" data-end=\"1763\" \/>2\ufe0f\u20e3 \u00ce\u021bi prezent\u0103m o propunere \u0219i un pre\u021b clar.<br data-start=\"1809\" data-end=\"1812\" \/>3\ufe0f\u20e3 \u00cen 3 zile \u00ee\u021bi livr\u0103m un site gata de folosit.<\/p>\n<p data-start=\"1865\" data-end=\"1904\"><strong data-start=\"1865\" data-end=\"1904\">Simplu, rapid \u0219i f\u0103r\u0103 b\u0103t\u0103i de cap.<\/strong><\/p>\n","protected":false},"excerpt":{"rendered":"<p>1\ufe0f\u20e3 Ne trimi\u021bi detaliile (ce tip de site vrei).2\ufe0f\u20e3 \u00ce\u021bi prezent\u0103m o propunere \u0219i un pre\u021b clar.3\ufe0f\u20e3 \u00cen 3 zile \u00ee\u021bi livr\u0103m un site gata de folosit. Simplu, rapid \u0219i f\u0103r\u0103 b\u0103t\u0103i de cap.<\/p>\n","protected":false},"author":1,"featured_media":0,"parent":0,"menu_order":0,"comment_status":"closed","ping_status":"closed","template":"","meta":{"footnotes":""},"class_list":["post-165","page","type-page","status-publish","hentry"],"_links":{"self":[{"href":"https:\/\/siteurirapid.ro\/index.php\/wp-json\/wp\/v2\/pages\/165","targetHints":{"allow":["GET"]}}],"collection":[{"href":"https:\/\/siteurirapid.ro\/index.php\/wp-json\/wp\/v2\/pages"}],"about":[{"href":"https:\/\/siteurirapid.ro\/index.php\/wp-json\/wp\/v2\/types\/page"}],"author":[{"embeddable":true,"href":"https:\/\/siteurirapid.ro\/index.php\/wp-json\/wp\/v2\/users\/1"}],"replies":[{"embeddable":true,"href":"https:\/\/siteurirapid.ro\/index.php\/wp-json\/wp\/v2\/comments?post=165"}],"version-history":[{"count":4,"href":"https:\/\/siteurirapid.ro\/index.php\/wp-json\/wp\/v2\/pages\/165\/revisions"}],"predecessor-version":[{"id":169,"href":"https:\/\/siteurirapid.ro\/index.php\/wp-json\/wp\/v2\/pages\/165\/revisions\/169"}],"wp:attachment":[{"href":"https:\/\/siteurirapid.ro\/index.php\/wp-json\/wp\/v2\/media?parent=165"}],"curies":[{"name":"wp","href":"https:\/\/api.w.org\/{rel}","templated":true}]}}