{"id":29,"date":"2025-10-21T00:01:52","date_gmt":"2025-10-20T21:01:52","guid":{"rendered":"https:\/\/siteurirapid.ro\/?page_id=29"},"modified":"2025-10-21T17:04:21","modified_gmt":"2025-10-21T14:04:21","slug":"despre-noi","status":"publish","type":"page","link":"https:\/\/siteurirapid.ro\/index.php\/despre-noi\/","title":{"rendered":"Despre noi"},"content":{"rendered":"<h3 style=\"caret-color: #000000; color: #000000;\" data-start=\"621\" data-end=\"636\">Cine suntem<\/h3>\n<p style=\"caret-color: #000000; color: #000000;\" data-start=\"637\" data-end=\"846\">Suntem o echip\u0103 pasionat\u0103 de web design \u0219i marketing online, specializa\u021bi \u00een crearea de\u00a0<strong data-start=\"725\" data-end=\"767\">site-uri WordPress rapide \u0219i eficiente<\/strong>.<br data-start=\"768\" data-end=\"771\" \/>Lucr\u0103m simplu: discut\u0103m, proiect\u0103m, lans\u0103m. Totul \u00een 3\u20135 zile lucr\u0103toare.<\/p>\n<h3 style=\"caret-color: #000000; color: #000000;\" data-start=\"848\" data-end=\"861\">De ce noi<\/h3>\n<p style=\"caret-color: #000000; color: #000000;\" data-start=\"862\" data-end=\"1031\">\u2705 livrare rapid\u0103 (\u00een 72h pentru pachetul standard)<br data-start=\"912\" data-end=\"915\" \/>\u2705 design modern \u0219i adaptabil (desktop + mobil)<br data-start=\"961\" data-end=\"964\" \/>\u2705 pre\u021buri transparente<br data-start=\"986\" data-end=\"989\" \/>\u2705 suport tehnic real, nu doar promisiuni<\/p>\n","protected":false},"excerpt":{"rendered":"<p>Cine suntem Suntem o echip\u0103 pasionat\u0103 de web design \u0219i marketing online, specializa\u021bi \u00een crearea de\u00a0site-uri WordPress rapide \u0219i eficiente.Lucr\u0103m simplu: discut\u0103m, proiect\u0103m, lans\u0103m. Totul \u00een 3\u20135 zile lucr\u0103toare. De ce noi \u2705 livrare rapid\u0103 (\u00een 72h pentru pachetul standard)\u2705 design modern \u0219i adaptabil (desktop + mobil)\u2705 pre\u021buri transparente\u2705 suport tehnic real, nu doar promisiuni<\/p>\n","protected":false},"author":1,"featured_media":0,"parent":0,"menu_order":0,"comment_status":"closed","ping_status":"closed","template":"","meta":{"footnotes":""},"class_list":["post-29","page","type-page","status-publish","hentry"],"_links":{"self":[{"href":"https:\/\/siteurirapid.ro\/index.php\/wp-json\/wp\/v2\/pages\/29","targetHints":{"allow":["GET"]}}],"collection":[{"href":"https:\/\/siteurirapid.ro\/index.php\/wp-json\/wp\/v2\/pages"}],"about":[{"href":"https:\/\/siteurirapid.ro\/index.php\/wp-json\/wp\/v2\/types\/page"}],"author":[{"embeddable":true,"href":"https:\/\/siteurirapid.ro\/index.php\/wp-json\/wp\/v2\/users\/1"}],"replies":[{"embeddable":true,"href":"https:\/\/siteurirapid.ro\/index.php\/wp-json\/wp\/v2\/comments?post=29"}],"version-history":[{"count":7,"href":"https:\/\/siteurirapid.ro\/index.php\/wp-json\/wp\/v2\/pages\/29\/revisions"}],"predecessor-version":[{"id":164,"href":"https:\/\/siteurirapid.ro\/index.php\/wp-json\/wp\/v2\/pages\/29\/revisions\/164"}],"wp:attachment":[{"href":"https:\/\/siteurirapid.ro\/index.php\/wp-json\/wp\/v2\/media?parent=29"}],"curies":[{"name":"wp","href":"https:\/\/api.w.org\/{rel}","templated":true}]}}